{"id":2,"date":"2021-03-18T11:21:03","date_gmt":"2021-03-18T11:21:03","guid":{"rendered":"http:\/\/bama-psicologia.es\/?page_id=2"},"modified":"2021-03-30T14:24:12","modified_gmt":"2021-03-30T14:24:12","slug":"psicologia-clinica","status":"publish","type":"page","link":"https:\/\/bama-psicologia.es\/index.php\/psicologia-clinica\/","title":{"rendered":"Cl\u00ednica"},"content":{"rendered":"\r\n<h2><strong>Psicolog\u00eda Cl\u00ednica y Asistencial<\/strong><\/h2>\r\n<p>La Psicolog\u00eda Cl\u00ednica est\u00e1 destinada al diagn\u00f3stico, intervenci\u00f3n y tratamiento sobre aspectos relacionados con la salud mental y los s\u00edntomas asociados al malestar emocional y cl\u00ednico. <br \/><br \/>Realizamos una evaluaci\u00f3n inicial para valorar la conveniencia del tratamiento y se procede a iniciar el seguimiento con una frecuencia acordada con el\/la paciente en base a su situaci\u00f3n personal. Los profesionales que le atender\u00e1n est\u00e1n acreditados como especialistas en Psicolog\u00eda Cl\u00ednica (Habilitaci\u00f3n Sanitaria). <br \/><br \/>Paralelamente, ofrecemos apoyo y asistencia en procesos de familia a nivel terap\u00e9utico y asistencial, realizando acompa\u00f1amientos en procesos de conflicto, as\u00ed como asociados a separaciones emocionalmente complejas.<\/p>","protected":false},"excerpt":{"rendered":"<p>Psicolog\u00eda Cl\u00ednica y Asistencial La Psicolog\u00eda Cl\u00ednica est\u00e1 destinada al diagn\u00f3stico, intervenci\u00f3n y tratamiento sobre aspectos relacionados con la salud mental y los s\u00edntomas asociados al malestar emocional y cl\u00ednico. &hellip; <\/p>\n","protected":false},"author":1,"featured_media":291,"parent":0,"menu_order":0,"comment_status":"closed","ping_status":"open","template":"","meta":[],"_links":{"self":[{"href":"https:\/\/bama-psicologia.es\/index.php\/wp-json\/wp\/v2\/pages\/2"}],"collection":[{"href":"https:\/\/bama-psicologia.es\/index.php\/wp-json\/wp\/v2\/pages"}],"about":[{"href":"https:\/\/bama-psicologia.es\/index.php\/wp-json\/wp\/v2\/types\/page"}],"author":[{"embeddable":true,"href":"https:\/\/bama-psicologia.es\/index.php\/wp-json\/wp\/v2\/users\/1"}],"replies":[{"embeddable":true,"href":"https:\/\/bama-psicologia.es\/index.php\/wp-json\/wp\/v2\/comments?post=2"}],"version-history":[{"count":10,"href":"https:\/\/bama-psicologia.es\/index.php\/wp-json\/wp\/v2\/pages\/2\/revisions"}],"predecessor-version":[{"id":294,"href":"https:\/\/bama-psicologia.es\/index.php\/wp-json\/wp\/v2\/pages\/2\/revisions\/294"}],"wp:featuredmedia":[{"embeddable":true,"href":"https:\/\/bama-psicologia.es\/index.php\/wp-json\/wp\/v2\/media\/291"}],"wp:attachment":[{"href":"https:\/\/bama-psicologia.es\/index.php\/wp-json\/wp\/v2\/media?parent=2"}],"curies":[{"name":"wp","href":"https:\/\/api.w.org\/{rel}","templated":true}]}}