{"id":251,"date":"2021-03-30T10:57:16","date_gmt":"2021-03-30T10:57:16","guid":{"rendered":"http:\/\/bama-psicologia.es\/?page_id=251"},"modified":"2021-03-30T14:23:45","modified_gmt":"2021-03-30T14:23:45","slug":"asesoramiento","status":"publish","type":"page","link":"https:\/\/bama-psicologia.es\/index.php\/asesoramiento\/","title":{"rendered":"Asesoramiento"},"content":{"rendered":"\r\n<h2><strong>Asesoramiento<\/strong><\/h2>\r\n<p>\u2013 Legal. An\u00e1lisis de casos, orientaci\u00f3n ante documentaci\u00f3n t\u00e9cnica psicol\u00f3gica. <br \/>\u2013 Psicol\u00f3gico. An\u00e1lisis de casos, aceptaci\u00f3n o recusaci\u00f3n de valoraciones periciales, asesoramiento en la redacci\u00f3n de informe pericial, asesoramiento sobre derivaciones profesionales y protocolos y preparaci\u00f3n para la declaraci\u00f3n en vista oral. Realizamos supervisiones de casos. <br \/>&#8211; Empresarial. Asesoramiento en formaci\u00f3n y redacci\u00f3n de protocolos de empresa en contextos de prevenci\u00f3n de acoso sexual y de g\u00e9nero, planes de igualdad y auditor\u00edas asociadas.<\/p>","protected":false},"excerpt":{"rendered":"<p>Asesoramiento \u2013 Legal. An\u00e1lisis de casos, orientaci\u00f3n ante documentaci\u00f3n t\u00e9cnica psicol\u00f3gica. \u2013 Psicol\u00f3gico. An\u00e1lisis de casos, aceptaci\u00f3n o recusaci\u00f3n de valoraciones periciales, asesoramiento en la redacci\u00f3n de informe pericial, asesoramiento &hellip; <\/p>\n","protected":false},"author":1,"featured_media":291,"parent":0,"menu_order":0,"comment_status":"closed","ping_status":"open","template":"","meta":[],"_links":{"self":[{"href":"https:\/\/bama-psicologia.es\/index.php\/wp-json\/wp\/v2\/pages\/251"}],"collection":[{"href":"https:\/\/bama-psicologia.es\/index.php\/wp-json\/wp\/v2\/pages"}],"about":[{"href":"https:\/\/bama-psicologia.es\/index.php\/wp-json\/wp\/v2\/types\/page"}],"author":[{"embeddable":true,"href":"https:\/\/bama-psicologia.es\/index.php\/wp-json\/wp\/v2\/users\/1"}],"replies":[{"embeddable":true,"href":"https:\/\/bama-psicologia.es\/index.php\/wp-json\/wp\/v2\/comments?post=251"}],"version-history":[{"count":3,"href":"https:\/\/bama-psicologia.es\/index.php\/wp-json\/wp\/v2\/pages\/251\/revisions"}],"predecessor-version":[{"id":292,"href":"https:\/\/bama-psicologia.es\/index.php\/wp-json\/wp\/v2\/pages\/251\/revisions\/292"}],"wp:featuredmedia":[{"embeddable":true,"href":"https:\/\/bama-psicologia.es\/index.php\/wp-json\/wp\/v2\/media\/291"}],"wp:attachment":[{"href":"https:\/\/bama-psicologia.es\/index.php\/wp-json\/wp\/v2\/media?parent=251"}],"curies":[{"name":"wp","href":"https:\/\/api.w.org\/{rel}","templated":true}]}}