{"id":254,"date":"2021-03-30T10:58:58","date_gmt":"2021-03-30T10:58:58","guid":{"rendered":"http:\/\/bama-psicologia.es\/?page_id=254"},"modified":"2021-03-30T14:25:12","modified_gmt":"2021-03-30T14:25:12","slug":"formacion","status":"publish","type":"page","link":"https:\/\/bama-psicologia.es\/index.php\/formacion\/","title":{"rendered":"Formaci\u00f3n"},"content":{"rendered":"\r\n<h2><strong>Formaci\u00f3n<\/strong><\/h2>\r\n<p>En BAMA Psicolog\u00eda ofrecemos cursos formativos peri\u00f3dicamente para profesionales y estudiantes del \u00e1mbito de educaci\u00f3n, trabajo social, justicia, salud, fuerzas de seguridad, etc&#8230; <br \/><br \/>Todos los cursos ofrecidos se pueden realizar tanto en la propia sede de BAMA Psicolog\u00eda como en los propios centros de trabajo de los profesionales, facilitando el acceso a la formaci\u00f3n sin desplazamientos. <br \/><br \/>A su vez, disponemos de plataforma propia en l\u00ednea (Moodle) donde poder realizar la formaci\u00f3n en grupos cerrados y mediante video-clases. <br \/><br \/>Desde 2008 hemos impartido, con una buena valoraci\u00f3n por parte de los centros y alumnado, formaciones tanto a nivel p\u00fablico como privado en diferentes sectores de formaci\u00f3n. <br \/>De hecho, todos los cursos realizados han tenido no solo una buena acogida, sino proyecci\u00f3n en el futuro para ampliar contenidos o tratar otras tem\u00e1ticas. <br \/><br \/>Nuestra formaci\u00f3n siempre incluye: <br \/>&#8211; Diversidad de recursos y herramientas formativas, haciendo que el contenido te\u00f3rico sea de actualidad, relevando y f\u00e1cilmente comprensible, intentando lograr el m\u00e1ximo nivel de especificidad. <br \/>&#8211; Materiales pr\u00e1cticos que sean basados en (o propiamente) casos reales, extra\u00eddos de nuestra experiencia laboral, siempre respetando la protecci\u00f3n de datos. <br \/>&#8211; Materiales audiovisuales y\/o digitales que hagan mes comprensible el contenido y dinamicen el curso <br \/>&#8211; Acceso a la informaci\u00f3n (el alumnado tendr\u00e1 siempre un dossier formativo con los contenidos trabajados) <br \/>&#8211; Coordinaci\u00f3n con el\/la referente o t\u00e9cnico que organice el curso: Sobre las necesidades espec\u00edficas del centro, del alumnado, sobre casos concretos o din\u00e1micas a trabajar, etc.<\/p>","protected":false},"excerpt":{"rendered":"<p>Formaci\u00f3n En BAMA Psicolog\u00eda ofrecemos cursos formativos peri\u00f3dicamente para profesionales y estudiantes del \u00e1mbito de educaci\u00f3n, trabajo social, justicia, salud, fuerzas de seguridad, etc&#8230; Todos los cursos ofrecidos se pueden &hellip; <\/p>\n","protected":false},"author":1,"featured_media":291,"parent":0,"menu_order":0,"comment_status":"closed","ping_status":"open","template":"","meta":[],"_links":{"self":[{"href":"https:\/\/bama-psicologia.es\/index.php\/wp-json\/wp\/v2\/pages\/254"}],"collection":[{"href":"https:\/\/bama-psicologia.es\/index.php\/wp-json\/wp\/v2\/pages"}],"about":[{"href":"https:\/\/bama-psicologia.es\/index.php\/wp-json\/wp\/v2\/types\/page"}],"author":[{"embeddable":true,"href":"https:\/\/bama-psicologia.es\/index.php\/wp-json\/wp\/v2\/users\/1"}],"replies":[{"embeddable":true,"href":"https:\/\/bama-psicologia.es\/index.php\/wp-json\/wp\/v2\/comments?post=254"}],"version-history":[{"count":4,"href":"https:\/\/bama-psicologia.es\/index.php\/wp-json\/wp\/v2\/pages\/254\/revisions"}],"predecessor-version":[{"id":298,"href":"https:\/\/bama-psicologia.es\/index.php\/wp-json\/wp\/v2\/pages\/254\/revisions\/298"}],"wp:featuredmedia":[{"embeddable":true,"href":"https:\/\/bama-psicologia.es\/index.php\/wp-json\/wp\/v2\/media\/291"}],"wp:attachment":[{"href":"https:\/\/bama-psicologia.es\/index.php\/wp-json\/wp\/v2\/media?parent=254"}],"curies":[{"name":"wp","href":"https:\/\/api.w.org\/{rel}","templated":true}]}}