{"id":49,"date":"2021-03-18T12:28:08","date_gmt":"2021-03-18T12:28:08","guid":{"rendered":"http:\/\/bama-psicologia.es\/?page_id=49"},"modified":"2021-03-30T14:26:06","modified_gmt":"2021-03-30T14:26:06","slug":"quienes-somos","status":"publish","type":"page","link":"https:\/\/bama-psicologia.es\/index.php\/quienes-somos\/","title":{"rendered":"Quienes somos"},"content":{"rendered":"<h2><strong>Qui\u00e9nes somos<\/strong><\/h2>\r\n<p>BAMA Psicolog\u00eda est\u00e1 dirigido por la Dra. Elena Garrido Gait\u00e1n y el Dr. Sergio Mora Montserrat. Pulse en la fotograf\u00eda para obtener m\u00e1s informaci\u00f3n sobre ellos, as\u00ed como sobre el resto de colaboradoras.<\/p>\r\n\r\n<figure class=\"wp-block-gallery aligncenter columns-4 is-cropped\">\r\n<ul class=\"blocks-gallery-grid\">\r\n<li class=\"blocks-gallery-item\">\r\n<figure><img loading=\"lazy\" width=\"675\" height=\"696\" class=\"wp-image-115\" src=\"http:\/\/bama-psicologia.es\/wp-content\/uploads\/2021\/03\/Elena.jpg\" alt=\"\" data-id=\"115\" data-full-url=\"http:\/\/bama-psicologia.es\/wp-content\/uploads\/2021\/03\/Elena.jpg\" data-link=\"http:\/\/bama-psicologia.es\/index.php\/2021\/03\/18\/hola-mundo\/elena\/\" srcset=\"https:\/\/bama-psicologia.es\/wp-content\/uploads\/2021\/03\/Elena.jpg 675w, https:\/\/bama-psicologia.es\/wp-content\/uploads\/2021\/03\/Elena-291x300.jpg 291w, https:\/\/bama-psicologia.es\/wp-content\/uploads\/2021\/03\/Elena-58x60.jpg 58w\" sizes=\"(max-width: 675px) 100vw, 675px\" \/>\r\n<figcaption class=\"blocks-gallery-item__caption\"><a href=\"http:\/\/bama-psicologia.es\/index.php\/elena-garrido-gaitan\/\" data-type=\"URL\" data-id=\"http:\/\/bama-psicologia.es\/index.php\/elena-garrido-gaitan\/\">Elena Garrido Gait\u00e1n<\/a><\/figcaption>\r\n<\/figure>\r\n<\/li>\r\n<li class=\"blocks-gallery-item\">\r\n<figure><img loading=\"lazy\" width=\"896\" height=\"697\" class=\"wp-image-118\" src=\"http:\/\/bama-psicologia.es\/wp-content\/uploads\/2021\/03\/sergio.jpg\" alt=\"\" data-id=\"118\" data-full-url=\"http:\/\/bama-psicologia.es\/wp-content\/uploads\/2021\/03\/sergio.jpg\" data-link=\"http:\/\/bama-psicologia.es\/index.php\/2021\/03\/18\/hola-mundo\/sergio\/\" srcset=\"https:\/\/bama-psicologia.es\/wp-content\/uploads\/2021\/03\/sergio.jpg 896w, https:\/\/bama-psicologia.es\/wp-content\/uploads\/2021\/03\/sergio-300x233.jpg 300w, https:\/\/bama-psicologia.es\/wp-content\/uploads\/2021\/03\/sergio-768x597.jpg 768w, https:\/\/bama-psicologia.es\/wp-content\/uploads\/2021\/03\/sergio-77x60.jpg 77w\" sizes=\"(max-width: 896px) 100vw, 896px\" \/>\r\n<figcaption class=\"blocks-gallery-item__caption\"><a href=\"http:\/\/bama-psicologia.es\/index.php\/sergio-mora-montserrat\/\" data-type=\"URL\" data-id=\"http:\/\/bama-psicologia.es\/index.php\/sergio-mora-montserrat\/\">Sergio Mora Montserrat<\/a><\/figcaption>\r\n<\/figure>\r\n<\/li>\r\n<li class=\"blocks-gallery-item\">\r\n<figure><img loading=\"lazy\" width=\"896\" height=\"596\" class=\"wp-image-117\" src=\"http:\/\/bama-psicologia.es\/wp-content\/uploads\/2021\/03\/rocio.jpg\" alt=\"\" data-id=\"117\" data-full-url=\"http:\/\/bama-psicologia.es\/wp-content\/uploads\/2021\/03\/rocio.jpg\" data-link=\"http:\/\/bama-psicologia.es\/index.php\/2021\/03\/18\/hola-mundo\/rocio\/\" srcset=\"https:\/\/bama-psicologia.es\/wp-content\/uploads\/2021\/03\/rocio.jpg 896w, https:\/\/bama-psicologia.es\/wp-content\/uploads\/2021\/03\/rocio-300x200.jpg 300w, https:\/\/bama-psicologia.es\/wp-content\/uploads\/2021\/03\/rocio-768x511.jpg 768w, https:\/\/bama-psicologia.es\/wp-content\/uploads\/2021\/03\/rocio-90x60.jpg 90w, https:\/\/bama-psicologia.es\/wp-content\/uploads\/2021\/03\/rocio-370x247.jpg 370w, https:\/\/bama-psicologia.es\/wp-content\/uploads\/2021\/03\/rocio-776x517.jpg 776w\" sizes=\"(max-width: 896px) 100vw, 896px\" \/>\r\n<figcaption class=\"blocks-gallery-item__caption\"><a href=\"http:\/\/bama-psicologia.es\/index.php\/rocio-pina-rios\/\" data-type=\"URL\" data-id=\"http:\/\/bama-psicologia.es\/index.php\/rocio-pina-rios\/\">Roc\u00edo Pina R\u00edos<\/a><\/figcaption>\r\n<\/figure>\r\n<\/li>\r\n<li class=\"blocks-gallery-item\">\r\n<figure><img loading=\"lazy\" width=\"222\" height=\"223\" class=\"wp-image-116\" src=\"http:\/\/bama-psicologia.es\/wp-content\/uploads\/2021\/03\/ines.jpg\" alt=\"\" data-id=\"116\" data-full-url=\"http:\/\/bama-psicologia.es\/wp-content\/uploads\/2021\/03\/ines.jpg\" data-link=\"http:\/\/bama-psicologia.es\/index.php\/2021\/03\/18\/hola-mundo\/ines\/\" srcset=\"https:\/\/bama-psicologia.es\/wp-content\/uploads\/2021\/03\/ines.jpg 222w, https:\/\/bama-psicologia.es\/wp-content\/uploads\/2021\/03\/ines-150x150.jpg 150w, https:\/\/bama-psicologia.es\/wp-content\/uploads\/2021\/03\/ines-60x60.jpg 60w\" sizes=\"(max-width: 222px) 100vw, 222px\" \/>\r\n<figcaption class=\"blocks-gallery-item__caption\"><a href=\"http:\/\/bama-psicologia.es\/index.php\/ines-lovelle-iglesias\/\" data-type=\"URL\" data-id=\"http:\/\/bama-psicologia.es\/index.php\/ines-lovelle-iglesias\/\">In\u00e9s Lovelle Iglesias<\/a><\/figcaption>\r\n<\/figure>\r\n<\/li>\r\n<\/ul>\r\n<\/figure>\r\n\r\n\r\n\r\n<p>&nbsp;<\/p>\r\n","protected":false},"excerpt":{"rendered":"<p>Qui\u00e9nes somos BAMA Psicolog\u00eda est\u00e1 dirigido por la Dra. Elena Garrido Gait\u00e1n y el Dr. Sergio Mora Montserrat. Pulse en la fotograf\u00eda para obtener m\u00e1s informaci\u00f3n sobre ellos, as\u00ed como &hellip; <\/p>\n","protected":false},"author":1,"featured_media":291,"parent":0,"menu_order":0,"comment_status":"closed","ping_status":"open","template":"","meta":[],"_links":{"self":[{"href":"https:\/\/bama-psicologia.es\/index.php\/wp-json\/wp\/v2\/pages\/49"}],"collection":[{"href":"https:\/\/bama-psicologia.es\/index.php\/wp-json\/wp\/v2\/pages"}],"about":[{"href":"https:\/\/bama-psicologia.es\/index.php\/wp-json\/wp\/v2\/types\/page"}],"author":[{"embeddable":true,"href":"https:\/\/bama-psicologia.es\/index.php\/wp-json\/wp\/v2\/users\/1"}],"replies":[{"embeddable":true,"href":"https:\/\/bama-psicologia.es\/index.php\/wp-json\/wp\/v2\/comments?post=49"}],"version-history":[{"count":11,"href":"https:\/\/bama-psicologia.es\/index.php\/wp-json\/wp\/v2\/pages\/49\/revisions"}],"predecessor-version":[{"id":265,"href":"https:\/\/bama-psicologia.es\/index.php\/wp-json\/wp\/v2\/pages\/49\/revisions\/265"}],"wp:featuredmedia":[{"embeddable":true,"href":"https:\/\/bama-psicologia.es\/index.php\/wp-json\/wp\/v2\/media\/291"}],"wp:attachment":[{"href":"https:\/\/bama-psicologia.es\/index.php\/wp-json\/wp\/v2\/media?parent=49"}],"curies":[{"name":"wp","href":"https:\/\/api.w.org\/{rel}","templated":true}]}}