{"id":56,"date":"2021-03-18T12:35:50","date_gmt":"2021-03-18T12:35:50","guid":{"rendered":"http:\/\/bama-psicologia.es\/?page_id=56"},"modified":"2021-03-30T14:23:55","modified_gmt":"2021-03-30T14:23:55","slug":"aviso-legal","status":"publish","type":"page","link":"https:\/\/bama-psicologia.es\/index.php\/aviso-legal\/","title":{"rendered":"Aviso Legal"},"content":{"rendered":"\r\n<h5><strong>ACTUALIZACI\u00d3N LEY EUROPEA DE PROTECCI\u00d3N DE DATOS (2018)<\/strong><\/h5>\r\n<p><strong>Pol\u00edtica de privacidad<\/strong><\/p>\r\n<p><strong>Responsable del Tratamiento<\/strong> <br \/>Identidad: BAMA Psicologia <br \/>CIF: J64815731 <br \/>Direcci\u00f3n postal: Via Laietana 51, 2-1 (08003) Barcelona <br \/>Tel\u00e9fono: 932693427 <br \/>Correo electr\u00f3nico: bama@bama-psicologia.es<\/p>\r\n<p><strong>Finalidad del tratamiento de los datos y conservaci\u00f3n<\/strong> <br \/>Tratamos la informaci\u00f3n que nos facilitas para la gesti\u00f3n de los servicios prestados de asistencia psicol\u00f3gica, formaci\u00f3n y gesti\u00f3n de clientes y servicios. Te enviaremos comunicaciones e exclusivamente ralacionadas con la finalidad con la que has contratado nuestros servicios. Los datos que nos est\u00e1s facilitando se conservar\u00e1n garantizado la protecci\u00f3n de tus datos a fin de garantizar un buen mantenimiento de los datos que des respuesta a tus necesidades y\/o hasta que finalice la relaci\u00f3n contractual. Por otro lado, en cualquier momento podr\u00e1s revocar el consentimiento que nos est\u00e1s otorgando.<\/p>\r\n<p><strong>Legitimaci\u00f3n para el tratamiento de los datos<\/strong> <br \/>La base legal para el tratamiento de tus datos es el consentimiento que nos facilitas al inicio de la relcai\u00f3n profesional y contractual contigo.<\/p>\r\n<p><strong>Destinatarios de sus datos<\/strong> <br \/>Tus datos se tratar\u00e1n con estricta confidencialidad, para fines unicamente de cumplimiento de nuestra relaci\u00f3n profesional, con fines administrativos y de gesti\u00f3n de clientes y pacientes, conforme a las medidas de seguridad de la normativa vigente.<\/p>\r\n<p><strong>\u00bfCu\u00e1les son tus derechos?<\/strong> <br \/>Como persona titular de los datos tratados por BAMA Psicolog\u00eda tienes derecho en todo momento a acceder a tus datos, rectificarlos, oponerte a su tratamiento o suprimirlos. As\u00ed mismo podr\u00e1s revocar el consentimiento otorgado en cualquier momento. Para ejercer dichos derechos podr\u00e1s ponerte en contacto con nosotros a trav\u00e9s del correo electr\u00f3nico bama@bama-psicologia.es adjuntando copia del DNI o documento an\u00e1logo.<\/p>\r\n<p><strong>PROPIEDAD INTELECTUAL<\/strong> <br \/>Los contenidos suministrados por BAMA PSICOLOG\u00cdA, S.C.P. est\u00e1n sujetos a los derechos de propiedad intelectual e industrial y son titularidad exclusiva de BAMA PSICOLOG\u00cdA, S.C.P. o de las personas f\u00edsicas o jur\u00eddicas que se informe. <br \/>Mediante la adquisici\u00f3n de un producto o servicio, BAMA PSICOLOG\u00cdA, S.C.P. no confiere al adquirente ning\u00fan derecho de alteraci\u00f3n, explotaci\u00f3n, reproducci\u00f3n, distribuci\u00f3n o comunicaci\u00f3n p\u00fablica sobre el mismo, reserv\u00e1ndose BAMA PSICOLOG\u00cdA, S.C.P. todos estos derechos. La cesi\u00f3n de los citados derechos precisar\u00e1 el previo consentimiento por escrito por parte del titular de los mismos, de manera que el cliente no podr\u00e1 poner a disposici\u00f3n de terceras personas dichos contenidos. <br \/>La propiedad intelectual se extiende, adem\u00e1s del contenido incluido en BAMA PSICOLOG\u00cdA, S.C.P., a sus gr\u00e1ficos, logotipos, dise\u00f1os, im\u00e1genes y c\u00f3digos fuente utilizado para su programaci\u00f3n. <br \/>BAMA PSICOLOG\u00cdA, S.C.P. ha obtenido la Informaci\u00f3n y los materiales incluidos en la web de fuentes consideradas como fiables y, si bien se han tomado medidas razonables para asegurarse de que la informaci\u00f3n contenida sea la correcta, BAMA PSICOLOG\u00cdA, S.C.P. no puede garantizar que en todo momento y circunstancia dicha informaci\u00f3n sea exacta, completa, actualizada y, consecuentemente, no debe confiarse en ella como si lo fuera. BAMA PSICOLOG\u00cdA, S.C.P. declina expresamente cualquier responsabilidad por error u omisi\u00f3n en la Informaci\u00f3n contenida en las p\u00e1ginas de esta web. <br \/>BAMA PSICOLOG\u00cdA, S.C.P. se reserva la facultad de modificar, suspender, cancelar o restringir el contenido de la web, los v\u00ednculos o la informaci\u00f3n obtenida a trav\u00e9s de ella, sin necesidad de previo aviso. \u00c9sta, en ning\u00fan caso, asume responsabilidad alguna como consecuencia de la incorrecta utilizaci\u00f3n de la web que pueda llevar a cabo el usuario, tanto de la informaci\u00f3n como de los servicios en ella contenidos. <br \/>En ning\u00fan caso BAMA PSICOLOG\u00cdA, S.C.P., sus sucursales y\/o centros de trabajo, sus directores y\/o apoderados, empleados y, en general, el personal autorizado ser\u00e1n responsables de cualquier tipo de perjuicio, p\u00e9rdidas, reclamaciones o gastos de ning\u00fan tipo, tanto si proceden, directa o indirectamente, del uso y\/o difusi\u00f3n de la web o de la Informaci\u00f3n adquirida o accedida por o a trav\u00e9s de \u00e9sta, o de sus virus inform\u00e1ticos, de fallos operativos o de interrupciones en el servicio o transmisi\u00f3n o de fallos en la l\u00ednea en el uso de la web, tanto por conexi\u00f3n directa como por v\u00ednculo u otro medio, constituyendo a todos los efectos legales un aviso a cualquier usuario de que estas posibilidades y eventos pueden ocurrir. <br \/>BAMA PSICOLOG\u00cdA, S.C.P. no se hace responsable de las webs no propias a las que se pueda acceder mediante v\u00ednculos o enlaces (\u00ablinks\u00bb) o de cualquier contenido puesto a disposici\u00f3n de terceros. Cualquier uso de un v\u00ednculo o acceso a una web no propia ser\u00e1 realizado por voluntad y a riesgo y ventura exclusiva del usuario. BAMA PSICOLOG\u00cdA, S.C.P. no recomienda ni garantiza ninguna de la\/s Informaci\u00f3n\/es obtenida\/s por o a trav\u00e9s de un v\u00ednculo, ni se responsabiliza de ninguna p\u00e9rdida, reclamaci\u00f3n o perjuicio derivado del uso o mal uso de un v\u00ednculo, o de la Informaci\u00f3n obtenida a trav\u00e9s de \u00e9l, incluyendo otros v\u00ednculos o webs, de la interrupci\u00f3n en el servicio o en el acceso, o del intento de usar o usar mal un v\u00ednculo, tanto al conectar a la web de BAMA PSICOLOG\u00cdA, S.C.P. como al acceder a la informaci\u00f3n de otras webs desde la misma.<\/p>\r\n<p><strong>PROPIEDAD INDUSTRIAL E INTELECTUAL<\/strong> <br \/>Esta web es propiedad de BAMA PSICOLOG\u00cdA, S.C.P. Los derechos de Propiedad Intelectual y derechos de explotaci\u00f3n y reproducci\u00f3n de esta web, de sus p\u00e1ginas, pantallas, la Informaci\u00f3n que contienen, su apariencia y dise\u00f1o, as\u00ed como los v\u00ednculos (\u00abhiperlinks\u00bb) que se establezcan desde ella a otras p\u00e1ginas web de cualquier sociedad filial y\/o dominada de BAMA PSICOLOG\u00cdA, S.C.P., son propiedad exclusiva de \u00e9sta, salvo que expresamente se especifique otra cosa. Cualquier denominaci\u00f3n, dise\u00f1o y\/o logotipo, as\u00ed como cualquier producto o servicio ofrecidos y reflejados en esta p\u00e1gina web, son marcas debidamente registradas por BAMA PSICOLOG\u00cdA, S.C.P., por sus sociedades filiales y\/o dominadas o por terceros. Cualquier uso indebido de las mismas por personas diferentes de su leg\u00edtimo titular y sin el consentimiento expreso e inequ\u00edvoco por parte de \u00e9ste podr\u00e1 ser denunciado y perseguido a trav\u00e9s de todos los medio legales existentes en el Ordenamiento Jur\u00eddico espa\u00f1ol y\/o comunitario. Los derechos de propiedad intelectual y marcas de terceros est\u00e1n destacados convenientemente y deben ser respetados por todo aqu\u00e9l que acceda a esta p\u00e1gina, no siendo responsabilidad de BAMA PSICOLOG\u00cdA, S.C.P. el uso que el usuario pueda llevar a cabo al respecto, recayendo la responsabilidad exclusiva en su persona. <br \/>S\u00f3lo para uso personal y privado se permite descargar los contenidos, copiar o imprimir cualquier p\u00e1gina de esta web. Queda prohibido reproducir, transmitir, modificar o suprimir la informaci\u00f3n, contenido o advertencias de esta web sin la previa autorizaci\u00f3n por escrito de BAMA PSICOLOG\u00cdA, S.C.P.<\/p>\r\n<p><strong>LEY APLICABLE Y JURISDICCION<\/strong> <br \/>Las presentes condiciones generales se rigen por la Legislaci\u00f3n espa\u00f1ola, siendo competentes los Juzgados y Tribunales espa\u00f1oles para conocer de cuantas cuestiones se susciten sobre la interpretaci\u00f3n, aplicaci\u00f3n e cumplimiento de las mismas. El usuario, por virtud de su aceptaci\u00f3n a las condiciones generales recogidas en este aviso legal, renuncia expresamente a cualquier fuero que, por aplicaci\u00f3n de la Ley de Enjuiciamiento Civil vigente pudiera corresponderle.<\/p>","protected":false},"excerpt":{"rendered":"<p>ACTUALIZACI\u00d3N LEY EUROPEA DE PROTECCI\u00d3N DE DATOS (2018) Pol\u00edtica de privacidad Responsable del Tratamiento Identidad: BAMA Psicologia CIF: J64815731 Direcci\u00f3n postal: Via Laietana 51, 2-1 (08003) Barcelona Tel\u00e9fono: 932693427 Correo &hellip; <\/p>\n","protected":false},"author":1,"featured_media":291,"parent":0,"menu_order":0,"comment_status":"closed","ping_status":"open","template":"","meta":[],"_links":{"self":[{"href":"https:\/\/bama-psicologia.es\/index.php\/wp-json\/wp\/v2\/pages\/56"}],"collection":[{"href":"https:\/\/bama-psicologia.es\/index.php\/wp-json\/wp\/v2\/pages"}],"about":[{"href":"https:\/\/bama-psicologia.es\/index.php\/wp-json\/wp\/v2\/types\/page"}],"author":[{"embeddable":true,"href":"https:\/\/bama-psicologia.es\/index.php\/wp-json\/wp\/v2\/users\/1"}],"replies":[{"embeddable":true,"href":"https:\/\/bama-psicologia.es\/index.php\/wp-json\/wp\/v2\/comments?post=56"}],"version-history":[{"count":19,"href":"https:\/\/bama-psicologia.es\/index.php\/wp-json\/wp\/v2\/pages\/56\/revisions"}],"predecessor-version":[{"id":77,"href":"https:\/\/bama-psicologia.es\/index.php\/wp-json\/wp\/v2\/pages\/56\/revisions\/77"}],"wp:featuredmedia":[{"embeddable":true,"href":"https:\/\/bama-psicologia.es\/index.php\/wp-json\/wp\/v2\/media\/291"}],"wp:attachment":[{"href":"https:\/\/bama-psicologia.es\/index.php\/wp-json\/wp\/v2\/media?parent=56"}],"curies":[{"name":"wp","href":"https:\/\/api.w.org\/{rel}","templated":true}]}}