{"id":65,"date":"2021-03-18T14:06:38","date_gmt":"2021-03-18T14:06:38","guid":{"rendered":"http:\/\/bama-psicologia.es\/?page_id=65"},"modified":"2021-04-19T11:17:20","modified_gmt":"2021-04-19T11:17:20","slug":"inicio","status":"publish","type":"page","link":"https:\/\/bama-psicologia.es\/","title":{"rendered":"Inicio"},"content":{"rendered":"\r\n<h3><strong>Psicolog\u00eda Cl\u00ednica y Forense<\/strong><\/h3>\r\n<p>BAMA Psicolog\u00eda fue fundado en 2008. Nuestra trayectoria siempre ha estado vinculada a la Psicolog\u00eda Cl\u00ednica y Jur\u00eddico-Forense. Tenemos una larga experiencia en la redacci\u00f3n de informes psicol\u00f3gicos periciales en \u00e1mbitos penal, civil, familia y laboral, as\u00ed como en el asesoramiento psicol\u00f3gico a empresas, equipos legales y entidades p\u00fablicas.<\/p>","protected":false},"excerpt":{"rendered":"<p>Psicolog\u00eda Cl\u00ednica y Forense BAMA Psicolog\u00eda fue fundado en 2008. Nuestra trayectoria siempre ha estado vinculada a la Psicolog\u00eda Cl\u00ednica y Jur\u00eddico-Forense. Tenemos una larga experiencia en la redacci\u00f3n de &hellip; <\/p>\n","protected":false},"author":1,"featured_media":0,"parent":0,"menu_order":0,"comment_status":"closed","ping_status":"open","template":"","meta":[],"_links":{"self":[{"href":"https:\/\/bama-psicologia.es\/index.php\/wp-json\/wp\/v2\/pages\/65"}],"collection":[{"href":"https:\/\/bama-psicologia.es\/index.php\/wp-json\/wp\/v2\/pages"}],"about":[{"href":"https:\/\/bama-psicologia.es\/index.php\/wp-json\/wp\/v2\/types\/page"}],"author":[{"embeddable":true,"href":"https:\/\/bama-psicologia.es\/index.php\/wp-json\/wp\/v2\/users\/1"}],"replies":[{"embeddable":true,"href":"https:\/\/bama-psicologia.es\/index.php\/wp-json\/wp\/v2\/comments?post=65"}],"version-history":[{"count":6,"href":"https:\/\/bama-psicologia.es\/index.php\/wp-json\/wp\/v2\/pages\/65\/revisions"}],"predecessor-version":[{"id":224,"href":"https:\/\/bama-psicologia.es\/index.php\/wp-json\/wp\/v2\/pages\/65\/revisions\/224"}],"wp:attachment":[{"href":"https:\/\/bama-psicologia.es\/index.php\/wp-json\/wp\/v2\/media?parent=65"}],"curies":[{"name":"wp","href":"https:\/\/api.w.org\/{rel}","templated":true}]}}